{"id":128,"date":"2024-09-12T11:24:57","date_gmt":"2024-09-12T14:24:57","guid":{"rendered":"https:\/\/tofic.com.br\/?page_id=128"},"modified":"2026-04-08T16:26:23","modified_gmt":"2026-04-08T19:26:23","slug":"terms-and-conditions-of-website-use","status":"publish","type":"page","link":"https:\/\/tofic.com.br\/en\/terms-and-conditions-of-website-use\/","title":{"rendered":"Terms and Conditions of Website Use"},"content":{"rendered":"<p>TOFIC SIMANTOB, PEREZ E ORTIZ ADVOGADOS, ou simplesmente o escrit\u00f3rio de advocacia \u201cTOFIC SIMANTOB\u201d, \u00fanico e exclusivo propriet\u00e1rio do website www.tofic.com.br (\u201cSite\u201d), apresenta os presentes Termos e Condi\u00e7\u00f5es de Uso do Site (\u201cTermos e Condi\u00e7\u00f5es\u201d).<br \/>\nA navega\u00e7\u00e3o e consulta p\u00fablica do Site se sujeita aos Termos e Condi\u00e7\u00f5es abaixo. Por favor, leia estes Termos e Condi\u00e7\u00f5es cuidadosamente.<br \/>\nEste Site foi elaborado de acordo com as leis brasileiras, incluindo, mas sem se limitar a Lei n\u00ba 12.965\/14 (\u201cMarco Civil da Internet\u201d ou \u201cMCI\u201d), o decreto regulamentador do MCI (Decreto n\u00ba 8.771\/2016), e a Lei Federal n\u00ba 13.709\/2018 (\u201cLei Geral de Prote\u00e7\u00e3o de Dados\u201d ou \u201cLGPD\u201d), pautando-se, tamb\u00e9m, no princ\u00edpio da boa-f\u00e9, direitos autorais e diretrizes do mercado de publicidade da internet aplic\u00e1veis.<\/p>\n<h2>Garantias, Responsabilidades e Danos<\/h2>\n<p>1. O TOFIC SIMANTOB n\u00e3o garante a disponibilidade integral do Site, no todo ou em parte, restando isenta de qualquer responsabilidade por quaisquer preju\u00edzos relacionados a eventual indisponibilidade.<br \/>\n2. O TOFIC SIMANTOB n\u00e3o garante que o conte\u00fado, os instrumentos e os materiais contidos, utilizados e oferecidos neste Site estejam precisamente atualizados ou completos, e n\u00e3o se responsabiliza por danos causados por eventuais erros de conte\u00fado ou falhas de equipamento.<br \/>\n3. O TOFIC SIMANTOB n\u00e3o se responsabiliza, expressa ou tacitamente, pelo uso indevido das informa\u00e7\u00f5es e dos materiais disponibilizados no Site, para quaisquer que sejam os fins, feito por qualquer usu\u00e1rio.<br \/>\n4. Em nenhuma circunst\u00e2ncia, o TOFIC SIMANTOB, seus s\u00f3cios, associados ou funcion\u00e1rios ser\u00e3o respons\u00e1veis por quaisquer danos diretos ou indiretos, especiais, incidentais ou de consequ\u00eancia, perdas ou despesas oriundos da conex\u00e3o com este Site ou uso da sua parte ou incapacidade de uso por qualquer parte, ou com rela\u00e7\u00e3o a qualquer falha de desempenho, erro, omiss\u00e3o, interrup\u00e7\u00e3o, defeito ou demora na opera\u00e7\u00e3o ou transmiss\u00e3o, v\u00edrus de computador ou falha da linha ou do sistema, mesmo se o TOFIC SIMANTOB ou seus representantes estejam avisados da possibilidade de tais danos, perdas ou despesas.<br \/>\n5. O adequado provimento de todos os recursos da Internet, sem exce\u00e7\u00e3o, \u00e9 de inteira responsabilidade do usu\u00e1rio do Site.<br \/>\n6. O TOFIC SIMANTOB n\u00e3o se responsabiliza pelo conte\u00fado de outros websites (a) cujos endere\u00e7os estejam dispon\u00edveis nas p\u00e1ginas deste Site, ou (b) cujo endere\u00e7o deste Site esteja neles dispon\u00edvel. O TOFIC SIMANTOB n\u00e3o garante o ressarcimento de quaisquer danos causados pelos websites referidos nesse item.<\/p>\n<h2>Confidencialidade das Informa\u00e7\u00f5es dos Usu\u00e1rios<\/h2>\n<p>1. O TOFIC SIMANTOB n\u00e3o economiza esfor\u00e7os para garantir o sigilo e a privacidade das informa\u00e7\u00f5es pessoais dos usu\u00e1rios do Site, de modo que se compromete a agir em conformidade com os termos de sua Declara\u00e7\u00e3o de Privacidade. O TOFIC SIMANTOB se reserva o direito de melhorar as funcionalidades deste Site em fun\u00e7\u00e3o da an\u00e1lise e da consolida\u00e7\u00e3o das informa\u00e7\u00f5es e sugest\u00f5es colhidas e das oportunidades dessas para o conjunto de usu\u00e1rios do Site.<\/p>\n<h2>Direitos de Autor e Propriedade Intelectual<\/h2>\n<p>1. Salvo disposi\u00e7\u00e3o em contr\u00e1rio, todo o conte\u00fado das p\u00e1ginas deste Site, tais como informa\u00e7\u00f5es, textos, imagens, fotografias, ilustra\u00e7\u00f5es, organiza\u00e7\u00e3o e design da p\u00e1gina, materiais gr\u00e1ficos e desenhos, entre outros materiais disponibilizados no Site e, inclusive, demais arranjos relativos a tais elementos, marcas, nomes de dom\u00ednio, registrados ou n\u00e3o, s\u00e3o de propriedade do TOFIC SIMANTOB ou de terceiros que licitamente cederam seu direito de uso ao TOFIC SIMANTOB .<br \/>\n2. S\u00e3o vedados quaisquer atos ou contribui\u00e7\u00f5es tendentes \u00e0 descompila\u00e7\u00e3o, engenharia reversa, modifica\u00e7\u00e3o das caracter\u00edsticas, amplia\u00e7\u00e3o, altera\u00e7\u00e3o, mesclagem ou incorpora\u00e7\u00e3o em quaisquer outros programas ou sistemas do Site. Toda e qualquer forma de reprodu\u00e7\u00e3o do Site, total ou parcial, permanente, tempor\u00e1ria ou provis\u00f3ria, de forma gratuita ou onerosa, sob quaisquer modalidades, formas ou t\u00edtulos \u00e9 expressamente vedada.<\/p>\n<h2>Disposi\u00e7\u00f5es Gerais<\/h2>\n<p>1. Podemos fazer altera\u00e7\u00f5es a estes Termos e Condi\u00e7\u00f5es, de tempos em tempos. Qualquer nova vers\u00e3o deste Termos e Condi\u00e7\u00f5es ser\u00e1 devidamente atualizada nos canais de comunica\u00e7\u00e3o do TOFIC SIMANTOB.<\/p>\n<p><strong>Nota: Ao usar ou acessar este Site e quaisquer de suas p\u00e1ginas, o usu\u00e1rio concorda com os Termos e Condi\u00e7\u00f5es aqui estabelecidos. Portanto, favor cessar a navega\u00e7\u00e3o ou consulta p\u00fablica das p\u00e1ginas deste Site na eventualidade de n\u00e3o concordar com todos os Termos e Condi\u00e7\u00f5es acima.<\/strong><\/p>\n","protected":false},"excerpt":{"rendered":"<p>TOFIC SIMANTOB, PEREZ E ORTIZ ADVOGADOS, ou simplesmente o escrit\u00f3rio de advocacia \u201cTOFIC SIMANTOB\u201d, \u00fanico e exclusivo propriet\u00e1rio do website www.tofic.com.br (\u201cSite\u201d), apresenta os presentes Termos e Condi\u00e7\u00f5es de Uso do Site (\u201cTermos e Condi\u00e7\u00f5es\u201d). A navega\u00e7\u00e3o e consulta p\u00fablica do Site se sujeita aos Termos e Condi\u00e7\u00f5es abaixo. Por favor, leia estes Termos e &hellip; <a href=\"https:\/\/tofic.com.br\/en\/terms-and-conditions-of-website-use\/\" class=\"more-link\">Continuar lendo <span class=\"screen-reader-text\">Terms and Conditions of Website Use<\/span><\/a><\/p>\n","protected":false},"author":1,"featured_media":0,"parent":0,"menu_order":0,"comment_status":"closed","ping_status":"closed","template":"","meta":{"_acf_changed":false,"footnotes":""},"class_list":["post-128","page","type-page","status-publish","hentry"],"acf":[],"yoast_head":"<!-- This site is optimized with the Yoast SEO plugin v24.6 - https:\/\/yoast.com\/wordpress\/plugins\/seo\/ -->\n<title>Terms and Conditions of Website Use - TOFIC ADVOGADOS<\/title>\n<meta name=\"robots\" content=\"noindex, nofollow\" \/>\n<meta property=\"og:locale\" content=\"pt_BR\" \/>\n<meta property=\"og:type\" content=\"article\" \/>\n<meta property=\"og:title\" content=\"Terms and Conditions of Website Use - TOFIC ADVOGADOS\" \/>\n<meta property=\"og:description\" content=\"TOFIC SIMANTOB, PEREZ E ORTIZ ADVOGADOS, ou simplesmente o escrit\u00f3rio de advocacia \u201cTOFIC SIMANTOB\u201d, \u00fanico e exclusivo propriet\u00e1rio do website www.tofic.com.br (\u201cSite\u201d), apresenta os presentes Termos e Condi\u00e7\u00f5es de Uso do Site (\u201cTermos e Condi\u00e7\u00f5es\u201d). A navega\u00e7\u00e3o e consulta p\u00fablica do Site se sujeita aos Termos e Condi\u00e7\u00f5es abaixo. Por favor, leia estes Termos e &hellip; Continuar lendo Terms and Conditions of Website Use\" \/>\n<meta property=\"og:url\" content=\"https:\/\/tofic.com.br\/en\/terms-and-conditions-of-website-use\/\" \/>\n<meta property=\"og:site_name\" content=\"TOFIC ADVOGADOS\" \/>\n<meta property=\"article:publisher\" content=\"https:\/\/www.instagram.com\/toficsimantobadv\/\" \/>\n<meta property=\"article:modified_time\" content=\"2026-04-08T19:26:23+00:00\" \/>\n<meta name=\"twitter:card\" content=\"summary_large_image\" \/>\n<meta name=\"twitter:label1\" content=\"Est. tempo de leitura\" \/>\n\t<meta name=\"twitter:data1\" content=\"4 minutos\" \/>\n<script type=\"application\/ld+json\" class=\"yoast-schema-graph\">{\"@context\":\"https:\/\/schema.org\",\"@graph\":[{\"@type\":\"WebPage\",\"@id\":\"https:\/\/tofic.com.br\/en\/terms-and-conditions-of-website-use\/\",\"url\":\"https:\/\/tofic.com.br\/en\/terms-and-conditions-of-website-use\/\",\"name\":\"Terms and Conditions of Website Use - TOFIC ADVOGADOS\",\"isPartOf\":{\"@id\":\"https:\/\/tofic.com.br\/en\/#website\"},\"datePublished\":\"2024-09-12T14:24:57+00:00\",\"dateModified\":\"2026-04-08T19:26:23+00:00\",\"breadcrumb\":{\"@id\":\"https:\/\/tofic.com.br\/en\/terms-and-conditions-of-website-use\/#breadcrumb\"},\"inLanguage\":\"pt-BR\",\"potentialAction\":[{\"@type\":\"ReadAction\",\"target\":[\"https:\/\/tofic.com.br\/en\/terms-and-conditions-of-website-use\/\"]}]},{\"@type\":\"BreadcrumbList\",\"@id\":\"https:\/\/tofic.com.br\/en\/terms-and-conditions-of-website-use\/#breadcrumb\",\"itemListElement\":[{\"@type\":\"ListItem\",\"position\":1,\"name\":\"In\u00edcio\",\"item\":\"https:\/\/tofic.com.br\/en\/\"},{\"@type\":\"ListItem\",\"position\":2,\"name\":\"Terms and Conditions of Website Use\"}]},{\"@type\":\"WebSite\",\"@id\":\"https:\/\/tofic.com.br\/en\/#website\",\"url\":\"https:\/\/tofic.com.br\/en\/\",\"name\":\"TOFIC SIMANTOB ADVOGADOS\",\"description\":\"\",\"publisher\":{\"@id\":\"https:\/\/tofic.com.br\/en\/#organization\"},\"potentialAction\":[{\"@type\":\"SearchAction\",\"target\":{\"@type\":\"EntryPoint\",\"urlTemplate\":\"https:\/\/tofic.com.br\/en\/?s={search_term_string}\"},\"query-input\":{\"@type\":\"PropertyValueSpecification\",\"valueRequired\":true,\"valueName\":\"search_term_string\"}}],\"inLanguage\":\"pt-BR\"},{\"@type\":\"Organization\",\"@id\":\"https:\/\/tofic.com.br\/en\/#organization\",\"name\":\"TOFIC SIMANTOB ADVOGADOS\",\"url\":\"https:\/\/tofic.com.br\/en\/\",\"logo\":{\"@type\":\"ImageObject\",\"inLanguage\":\"pt-BR\",\"@id\":\"https:\/\/tofic.com.br\/en\/#\/schema\/logo\/image\/\",\"url\":\"https:\/\/tofic.com.br\/wp-content\/uploads\/2024\/09\/logosite.png\",\"contentUrl\":\"https:\/\/tofic.com.br\/wp-content\/uploads\/2024\/09\/logosite.png\",\"width\":276,\"height\":70,\"caption\":\"TOFIC SIMANTOB ADVOGADOS\"},\"image\":{\"@id\":\"https:\/\/tofic.com.br\/en\/#\/schema\/logo\/image\/\"},\"sameAs\":[\"https:\/\/www.instagram.com\/toficsimantobadv\/\"]}]}<\/script>\n<!-- \/ Yoast SEO plugin. -->","yoast_head_json":{"title":"Terms and Conditions of Website Use - TOFIC ADVOGADOS","robots":{"index":"noindex","follow":"nofollow"},"og_locale":"pt_BR","og_type":"article","og_title":"Terms and Conditions of Website Use - TOFIC ADVOGADOS","og_description":"TOFIC SIMANTOB, PEREZ E ORTIZ ADVOGADOS, ou simplesmente o escrit\u00f3rio de advocacia \u201cTOFIC SIMANTOB\u201d, \u00fanico e exclusivo propriet\u00e1rio do website www.tofic.com.br (\u201cSite\u201d), apresenta os presentes Termos e Condi\u00e7\u00f5es de Uso do Site (\u201cTermos e Condi\u00e7\u00f5es\u201d). A navega\u00e7\u00e3o e consulta p\u00fablica do Site se sujeita aos Termos e Condi\u00e7\u00f5es abaixo. Por favor, leia estes Termos e &hellip; Continuar lendo Terms and Conditions of Website Use","og_url":"https:\/\/tofic.com.br\/en\/terms-and-conditions-of-website-use\/","og_site_name":"TOFIC ADVOGADOS","article_publisher":"https:\/\/www.instagram.com\/toficsimantobadv\/","article_modified_time":"2026-04-08T19:26:23+00:00","twitter_card":"summary_large_image","twitter_misc":{"Est. tempo de leitura":"4 minutos"},"schema":{"@context":"https:\/\/schema.org","@graph":[{"@type":"WebPage","@id":"https:\/\/tofic.com.br\/en\/terms-and-conditions-of-website-use\/","url":"https:\/\/tofic.com.br\/en\/terms-and-conditions-of-website-use\/","name":"Terms and Conditions of Website Use - TOFIC ADVOGADOS","isPartOf":{"@id":"https:\/\/tofic.com.br\/en\/#website"},"datePublished":"2024-09-12T14:24:57+00:00","dateModified":"2026-04-08T19:26:23+00:00","breadcrumb":{"@id":"https:\/\/tofic.com.br\/en\/terms-and-conditions-of-website-use\/#breadcrumb"},"inLanguage":"pt-BR","potentialAction":[{"@type":"ReadAction","target":["https:\/\/tofic.com.br\/en\/terms-and-conditions-of-website-use\/"]}]},{"@type":"BreadcrumbList","@id":"https:\/\/tofic.com.br\/en\/terms-and-conditions-of-website-use\/#breadcrumb","itemListElement":[{"@type":"ListItem","position":1,"name":"In\u00edcio","item":"https:\/\/tofic.com.br\/en\/"},{"@type":"ListItem","position":2,"name":"Terms and Conditions of Website Use"}]},{"@type":"WebSite","@id":"https:\/\/tofic.com.br\/en\/#website","url":"https:\/\/tofic.com.br\/en\/","name":"TOFIC SIMANTOB ADVOGADOS","description":"","publisher":{"@id":"https:\/\/tofic.com.br\/en\/#organization"},"potentialAction":[{"@type":"SearchAction","target":{"@type":"EntryPoint","urlTemplate":"https:\/\/tofic.com.br\/en\/?s={search_term_string}"},"query-input":{"@type":"PropertyValueSpecification","valueRequired":true,"valueName":"search_term_string"}}],"inLanguage":"pt-BR"},{"@type":"Organization","@id":"https:\/\/tofic.com.br\/en\/#organization","name":"TOFIC SIMANTOB ADVOGADOS","url":"https:\/\/tofic.com.br\/en\/","logo":{"@type":"ImageObject","inLanguage":"pt-BR","@id":"https:\/\/tofic.com.br\/en\/#\/schema\/logo\/image\/","url":"https:\/\/tofic.com.br\/wp-content\/uploads\/2024\/09\/logosite.png","contentUrl":"https:\/\/tofic.com.br\/wp-content\/uploads\/2024\/09\/logosite.png","width":276,"height":70,"caption":"TOFIC SIMANTOB ADVOGADOS"},"image":{"@id":"https:\/\/tofic.com.br\/en\/#\/schema\/logo\/image\/"},"sameAs":["https:\/\/www.instagram.com\/toficsimantobadv\/"]}]}},"_links":{"self":[{"href":"https:\/\/tofic.com.br\/en\/wp-json\/wp\/v2\/pages\/128","targetHints":{"allow":["GET"]}}],"collection":[{"href":"https:\/\/tofic.com.br\/en\/wp-json\/wp\/v2\/pages"}],"about":[{"href":"https:\/\/tofic.com.br\/en\/wp-json\/wp\/v2\/types\/page"}],"author":[{"embeddable":true,"href":"https:\/\/tofic.com.br\/en\/wp-json\/wp\/v2\/users\/1"}],"replies":[{"embeddable":true,"href":"https:\/\/tofic.com.br\/en\/wp-json\/wp\/v2\/comments?post=128"}],"version-history":[{"count":2,"href":"https:\/\/tofic.com.br\/en\/wp-json\/wp\/v2\/pages\/128\/revisions"}],"predecessor-version":[{"id":607,"href":"https:\/\/tofic.com.br\/en\/wp-json\/wp\/v2\/pages\/128\/revisions\/607"}],"wp:attachment":[{"href":"https:\/\/tofic.com.br\/en\/wp-json\/wp\/v2\/media?parent=128"}],"curies":[{"name":"wp","href":"https:\/\/api.w.org\/{rel}","templated":true}]}}